{"id":1147,"date":"2016-11-29T13:31:19","date_gmt":"2016-11-29T13:31:19","guid":{"rendered":"https:\/\/arthub.vn\/?page_id=1147"},"modified":"2026-02-27T10:24:30","modified_gmt":"2026-02-27T10:24:30","slug":"speakers-list-4","status":"publish","type":"page","link":"https:\/\/arthub.vn\/index.php\/speakers-list-4\/","title":{"rendered":"Speakers IV"},"content":{"rendered":"<div class=\"wpb-content-wrapper\"><div data-vc-parallax=\"1.5\" data-vc-parallax-image=\"https:\/\/arthub.vn\/wp-content\/uploads\/2016\/02\/speakers-1.jpg\" class=\"vc_row wpb_row vc_row-fluid vc_custom_1462713646492 vc_general vc_parallax vc_parallax-content-moving et-vc-custom-styling-vc_row\"><div class=\"wpb_column vc_column_container vc_col-sm-12 et-vc-custom-styling-vc_column\"><div class=\"vc_column-inner\"><div class=\"wpb_wrapper\"><div class=\"speakers  \">\n            <div class=\"mask\">\n                <div class=\"first_line \"><\/div>\n                <div class=\"first_title \">\n                    <p>SPEAKERS<\/p>\n    \t\t\t            <\/div>\n                <div class=\"first_description\">\n                    <p>Every year, we try our best to find the most inspirational speakers from all over the world. We are thrilled to show you people, who are the driving forces behind the most successful design projects and remarkable business stories.<\/p>\n                            <\/div>\n                            <div class=\"mini_gap\"><\/div>\n                <div class=\"speakers_row\">\n                <div class=\"speakers_image\" style=\"background-image: url(https:\/\/arthub.vn\/wp-content\/uploads\/2016\/02\/featured_guest-1.jpg)\">\n                    <\/div>\n                    <div class=\"centred\">\n                    <div class=\"speakers_description \">\n                        <h3>Jeremy Crackevich<\/h3>\n                        <small>Featured guest<\/small>\n                        <br>\n                        <p>Crackevich's influence on contemporary graphic design is unparalleled. This outstanding expert and self-named typomaniac is responsible for numerous custom and redesigned typefaces and font identities for world-renowned corporations. Moreover, he has created dozens of commercial typefaces which are considered to be modern classics of typography.\nIn 1979, he founded CrackevichDesign - German mega-firm providing global design consultancy. The success of this company can be measured by a long list of the most relevant prizes including multiple red dot awards and European Design Awards.\n\nMore about Jeremy Crackevich can be found\u00a0<a href=\"#\">here<\/a>.<\/p>\n                        \n                        <\/div>\n                    <\/div>\n                <\/div>\n                <div class=\"photo_carousel\"><div class=\"photo_carousel_container\"><figure class=\"eventime_img et_speaker_column_4\" data-toggle=\"modal\" data-target=\"#et-speaker-modal_1_1\"><div class=\"eventime_speaker_image\" style=\"background-image: url(https:\/\/arthub.vn\/wp-content\/uploads\/2016\/05\/person2.jpg);\">\n\t                        <figcaption>\n\t\t\t\t\t\t      <div class=\"namecentered\">\n                        <h2>Gerald Rednes<\/h2>\n                        <p>CEO of Artdeveloper<\/p>\n\t\t\t\t\t\t      <\/div>\n                <\/figcaption>\n            <\/div><\/figure><div id=\"et-speaker-modal_1_1\" class=\"modal fade eventime_modal\" style=\"display: none;\">\n\t                <div class=\"modal-dialog\">\n\t                    <div class=\"modal-content\">\n\t                        <div class=\"modal-header\">\n                                <button aria-hidden=\"true\" data-dismiss=\"modal\" class=\"close\" type=\"button\">\u00d7<\/button>\n                                <h4 class=\"modal-title\">Gerald Rednes<\/h4>\n                                <small>CEO of Artdeveloper<\/small>\n\t                        <\/div>\n\t                        <div class=\"modal-body\">\n                                <img decoding=\"async\" src=\"https:\/\/arthub.vn\/wp-content\/uploads\/2016\/05\/person2.jpg\" alt=\"person2\">\n\t                        <p>Crackevich's influence on contemporary graphic design is unparalleled.<br \/>\nThis outstanding expert and self-named typomaniac is responsible for numerous custom and redesigned typefaces and font identities for world-renowned corporations. Moreover, he has created dozens of commercial typefaces which are considered to be modern classics of typography.<br \/>\nIn 1979, he founded CrackevichDesign - German mega-firm providing global design consultancy. The success of this company can be measured by a long list of the most relevant prizes including multiple red dot awards and European Design Awards.<br \/>\n<a href=\"http:\/\/facebook.com\"><i class=\"fa fa-facebook\"><\/i><\/a><\/p>\n\n\t                    <\/div>\n\t                <\/div>\n                <\/div>\n            <\/div><figure class=\"eventime_img et_speaker_column_4\" data-toggle=\"modal\" data-target=\"#et-speaker-modal_1_2\"><div class=\"eventime_speaker_image\" style=\"background-image: url(https:\/\/arthub.vn\/wp-content\/uploads\/2016\/05\/person.jpg);\">\n\t                        <figcaption>\n\t\t\t\t\t\t      <div class=\"namecentered\">\n                        <h2>Anna Yong<\/h2>\n                        <p>Design cheff<\/p>\n\t\t\t\t\t\t      <\/div>\n                <\/figcaption>\n            <\/div><\/figure><div id=\"et-speaker-modal_1_2\" class=\"modal fade eventime_modal\" style=\"display: none;\">\n\t                <div class=\"modal-dialog\">\n\t                    <div class=\"modal-content\">\n\t                        <div class=\"modal-header\">\n                                <button aria-hidden=\"true\" data-dismiss=\"modal\" class=\"close\" type=\"button\">\u00d7<\/button>\n                                <h4 class=\"modal-title\">Anna Yong<\/h4>\n                                <small>Design cheff<\/small>\n\t                        <\/div>\n\t                        <div class=\"modal-body\">\n                                <img decoding=\"async\" src=\"https:\/\/arthub.vn\/wp-content\/uploads\/2016\/05\/person.jpg\" alt=\"person\">\n\t                        <p>Crackevich's influence on contemporary graphic design is unparalleled.<br \/>\nThis outstanding expert and self-named typomaniac is responsible for numerous custom and redesigned typefaces and font identities for world-renowned corporations. Moreover, he has created dozens of commercial typefaces which are considered to be modern classics of typography.<br \/>\nIn 1979, he founded CrackevichDesign - German mega-firm providing global design consultancy. The success of this company can be measured by a long list of the most relevant prizes including multiple red dot awards and European Design Awards.<\/p>\n\n\t                    <\/div>\n\t                <\/div>\n                <\/div>\n            <\/div><figure class=\"eventime_img et_speaker_column_4\" data-toggle=\"modal\" data-target=\"#et-speaker-modal_1_3\"><div class=\"eventime_speaker_image\" style=\"background-image: url(https:\/\/arthub.vn\/wp-content\/uploads\/2016\/02\/oscar_w-1-720x545.jpg);\">\n\t                        <figcaption>\n\t\t\t\t\t\t      <div class=\"namecentered\">\n                        <h2>Oscar Wideln<\/h2>\n                        <p>Design Specialist Corp.<\/p>\n\t\t\t\t\t\t      <\/div>\n                <\/figcaption>\n            <\/div><\/figure><div id=\"et-speaker-modal_1_3\" class=\"modal fade eventime_modal\" style=\"display: none;\">\n\t                <div class=\"modal-dialog\">\n\t                    <div class=\"modal-content\">\n\t                        <div class=\"modal-header\">\n                                <button aria-hidden=\"true\" data-dismiss=\"modal\" class=\"close\" type=\"button\">\u00d7<\/button>\n                                <h4 class=\"modal-title\">Oscar Wideln<\/h4>\n                                <small>Design Specialist Corp.<\/small>\n\t                        <\/div>\n\t                        <div class=\"modal-body\">\n                                <img decoding=\"async\" src=\"https:\/\/arthub.vn\/wp-content\/uploads\/2016\/02\/oscar_w-1-720x545.jpg\" alt=\"oscar_w\">\n\t                        <p>Crackevich's influence on contemporary graphic design is unparalleled.<br \/>\nThis outstanding expert and self-named typomaniac is responsible for numerous custom and redesigned typefaces and font identities for world-renowned corporations. Moreover, he has created dozens of commercial typefaces which are considered to be modern classics of typography.<br \/>\nIn 1979, he founded CrackevichDesign - German mega-firm providing global design consultancy. The success of this company can be measured by a long list of the most relevant prizes including multiple red dot awards and European Design Awards.<\/p>\n\n\t                    <\/div>\n\t                <\/div>\n                <\/div>\n            <\/div><figure class=\"eventime_img et_speaker_column_4\" data-toggle=\"modal\" data-target=\"#et-speaker-modal_1_4\"><div class=\"eventime_speaker_image\" style=\"background-image: url(https:\/\/arthub.vn\/wp-content\/uploads\/2016\/02\/kate_m-1-720x545.jpg);\">\n\t                        <figcaption>\n\t\t\t\t\t\t      <div class=\"namecentered\">\n                        <h2>Kate Mouse<\/h2>\n                        <p>US Professor CS<\/p>\n\t\t\t\t\t\t      <\/div>\n                <\/figcaption>\n            <\/div><\/figure><div id=\"et-speaker-modal_1_4\" class=\"modal fade eventime_modal\" style=\"display: none;\">\n\t                <div class=\"modal-dialog\">\n\t                    <div class=\"modal-content\">\n\t                        <div class=\"modal-header\">\n                                <button aria-hidden=\"true\" data-dismiss=\"modal\" class=\"close\" type=\"button\">\u00d7<\/button>\n                                <h4 class=\"modal-title\">Kate Mouse<\/h4>\n                                <small>US Professor CS<\/small>\n\t                        <\/div>\n\t                        <div class=\"modal-body\">\n                                <img decoding=\"async\" src=\"https:\/\/arthub.vn\/wp-content\/uploads\/2016\/02\/kate_m-1-720x545.jpg\" alt=\"kate_m\">\n\t                        <p>Crackevich's influence on contemporary graphic design is unparalleled.<br \/>\nThis outstanding expert and self-named typomaniac is responsible for numerous custom and redesigned typefaces and font identities for world-renowned corporations. Moreover, he has created dozens of commercial typefaces which are considered to be modern classics of typography.<br \/>\nIn 1979, he founded CrackevichDesign - German mega-firm providing global design consultancy. The success of this company can be measured by a long list of the most relevant prizes including multiple red dot awards and European Design Awards.<\/p>\n\n\t                    <\/div>\n\t                <\/div>\n                <\/div>\n            <\/div><figure class=\"eventime_img et_speaker_column_4\" data-toggle=\"modal\" data-target=\"#et-speaker-modal_1_5\"><div class=\"eventime_speaker_image\" style=\"background-image: url(https:\/\/arthub.vn\/wp-content\/uploads\/2016\/02\/jenifer_d-1-720x545.jpg);\">\n\t                        <figcaption>\n\t\t\t\t\t\t      <div class=\"namecentered\">\n                        <h2>Jenifer Modal Doe<\/h2>\n                        <p>CEO of JeniferMD Corp<\/p>\n\t\t\t\t\t\t      <\/div>\n                <\/figcaption>\n            <\/div><\/figure><div id=\"et-speaker-modal_1_5\" class=\"modal fade eventime_modal\" style=\"display: none;\">\n\t                <div class=\"modal-dialog\">\n\t                    <div class=\"modal-content\">\n\t                        <div class=\"modal-header\">\n                                <button aria-hidden=\"true\" data-dismiss=\"modal\" class=\"close\" type=\"button\">\u00d7<\/button>\n                                <h4 class=\"modal-title\">Jenifer Modal Doe<\/h4>\n                                <small>CEO of JeniferMD Corp<\/small>\n\t                        <\/div>\n\t                        <div class=\"modal-body\">\n                                <img decoding=\"async\" src=\"https:\/\/arthub.vn\/wp-content\/uploads\/2016\/02\/jenifer_d-1-720x545.jpg\" alt=\"jenifer_d\">\n\t                        <p>Crackevich's influence on contemporary graphic design is unparalleled.<br \/>\nThis outstanding expert and self-named typomaniac is responsible for numerous custom and redesigned typefaces and font identities for world-renowned corporations. Moreover, he has created dozens of commercial typefaces which are considered to be modern classics of typography.<br \/>\nIn 1979, he founded CrackevichDesign - German mega-firm providing global design consultancy. The success of this company can be measured by a long list of the most relevant prizes including multiple red dot awards and European Design Awards.<\/p>\n\n\t                    <\/div>\n\t                <\/div>\n                <\/div>\n            <\/div><figure class=\"eventime_img et_speaker_column_4\" data-toggle=\"modal\" data-target=\"#et-speaker-modal_1_6\"><div class=\"eventime_speaker_image\" style=\"background-image: url(https:\/\/arthub.vn\/wp-content\/uploads\/2016\/02\/jack_d-1-720x545.jpg);\">\n\t                        <figcaption>\n\t\t\t\t\t\t      <div class=\"namecentered\">\n                        <h2>Jack Daniels<\/h2>\n                        <p>Proffessor of CA Universety <\/p>\n\t\t\t\t\t\t      <\/div>\n                <\/figcaption>\n            <\/div><\/figure><div id=\"et-speaker-modal_1_6\" class=\"modal fade eventime_modal\" style=\"display: none;\">\n\t                <div class=\"modal-dialog\">\n\t                    <div class=\"modal-content\">\n\t                        <div class=\"modal-header\">\n                                <button aria-hidden=\"true\" data-dismiss=\"modal\" class=\"close\" type=\"button\">\u00d7<\/button>\n                                <h4 class=\"modal-title\">Jack Daniels<\/h4>\n                                <small>Proffessor of CA Universety <\/small>\n\t                        <\/div>\n\t                        <div class=\"modal-body\">\n                                <img decoding=\"async\" src=\"https:\/\/arthub.vn\/wp-content\/uploads\/2016\/02\/jack_d-1-720x545.jpg\" alt=\"Jack D\">\n\t                        <p>Crackevich's influence on contemporary graphic design is unparalleled.<br \/>\nThis outstanding expert and self-named typomaniac is responsible for numerous custom and redesigned typefaces and font identities for world-renowned corporations. Moreover, he has created dozens of commercial typefaces which are considered to be modern classics of typography.<br \/>\nIn 1979, he founded CrackevichDesign - German mega-firm providing global design consultancy. The success of this company can be measured by a long list of the most relevant prizes including multiple red dot awards and European Design Awards.<\/p>\n\n\t                    <\/div>\n\t                <\/div>\n                <\/div>\n            <\/div><\/div><\/div>\n                <div class=\"clear\"><\/div>\n            <\/div>\n\t\t<\/div><\/div><\/div><\/div><\/div><div class=\"vc_row wpb_row vc_row-fluid et-vc-custom-styling-vc_row\"><div class=\"wpb_column vc_column_container vc_col-sm-12 et-vc-custom-styling-vc_column\"><div class=\"vc_column-inner\"><div class=\"wpb_wrapper\"><div class=\"et-row   et-apply-gradient\"><div class=\"vc_empty_space  et-vc-custom-styling-vc_empty_space\"   style=\"height: 32px\"><span class=\"vc_empty_space_inner\"><\/span><\/div><div class=\"\"><div class=\"title_center\"><p class=\"\">Buy tickets via WooCommerce<\/p><\/div><div class=\"center_line\"><\/div><\/div>\n\t<div class=\"wpb_text_column wpb_content_element vc_custom_1461336366745 et-vc-custom-styling-vc_column_text\" >\n\t\t<div class=\"wpb_wrapper\">\n\t\t\t<p style=\"text-align: center;\"><span style=\"font-weight: 400;\">To sell tickets online? There is nothing easier, use the integrated features of Eventime and woocommerce. In addition to the supporting of the standard store functions we have created a separate product type \u2013 Eventime ticket. By using it you get a unique design that can be customized by you at your request. Whether to add a background image or not, to use a frame, to select the mask color \u2013 it\u2019s up to you, all these additions you can choose individually for each ticket. We\u2019ve also introduced into use a special section of the additional fields, which can be seen at a common page with the products as well as within the ticket.<\/span><\/p>\n\n\t\t<\/div>\n\t<\/div>\n<div class=\"woocommerce columns-4 \"><ul class=\"products eventime_woo_products\">\r\n<li class=\"eventime_product eventime-ticket-white-content product type-product post-364 status-publish instock product_cat-tours has-post-thumbnail shipping-taxable purchasable product-type-chaykovskiy_eventime_ticket\" style=\"background-image:url(https:\/\/arthub.vn\/wp-content\/uploads\/2026\/03\/IMG_3460.heic);\">\r\n\r\n\t\t<div class=\"eventime_ticket_mask\" style=\"background-color: rgba(0,0,0,0.41);\">\r\n\t<a href=\"https:\/\/arthub.vn\/index.php\/san-pham\/all-days-pass\/\" class=\"woocommerce-LoopProduct-link woocommerce-loop-product__link\"><h2 class=\"woocommerce-loop-product__title\">Tour 1 Ng\u00e0y<\/h2>\r\n\t<div class=\"woo_ticket_line\"><\/div>\r\n\t\n\t<span class=\"price\"><span class=\"woocommerce-Price-amount amount\"><bdi><span class=\"woocommerce-Price-currencySymbol\">&#36;<\/span>299.00<\/bdi><\/span><\/span>\n        <div class=\"ticket_description_two\">\r\n            <div>\r\n                <span>L\u1ed9 tr\u00ecnh d\u1eabn d\u1eaft b\u1edfi gi\u00e1m tuy\u1ec3n<\/span><span>Th\u0103m c\u00e1c kh\u00f4ng gian ngh\u1ec7 thu\u1eadt<\/span><span>\u0110\u1ed1i tho\u1ea1i v\u0103n h\u00f3a &amp; b\u1eefa \u0103n<\/span>            <\/div>\r\n        <\/div>\r\n    <\/a><a href=\"\/index.php\/wp-json\/wp\/v2\/pages\/1147?add-to-cart=364\" aria-describedby=\"woocommerce_loop_add_to_cart_link_describedby_364\" data-quantity=\"1\" class=\" button eventime_plus\" data-product_id=\"364\" data-product_sku=\"\" aria-label=\"\u0110\u1ecdc th\u00eam v\u1ec1 &ldquo;Tour 1 Ng\u00e0y&rdquo;\" rel=\"nofollow\" role=\"button\"><\/a>\t<span id=\"woocommerce_loop_add_to_cart_link_describedby_364\" class=\"screen-reader-text\">\r\n\t\t\t<\/span>\r\n\t\t\t<div class=\"clear\"><\/div><\/div>\r\n\t\r\n<\/li>\r\n<li class=\"eventime_product eventime-ticket-white-content product type-product post-361 status-publish last instock product_cat-tours has-post-thumbnail shipping-taxable purchasable product-type-chaykovskiy_eventime_ticket\" style=\"background-image:url(https:\/\/arthub.vn\/wp-content\/uploads\/2026\/02\/514410119_122121840614905831_516733311542642535_n-510x720.jpg);\">\r\n\r\n\t\t<div class=\"eventime_ticket_mask\" style=\"background-color: rgba(0,0,0,0.5);\">\r\n\t<a href=\"https:\/\/arthub.vn\/index.php\/san-pham\/one-day-pass\/\" class=\"woocommerce-LoopProduct-link woocommerce-loop-product__link\"><h2 class=\"woocommerce-loop-product__title\">Tour 2 Ng\u00e0y<\/h2>\r\n\t<div class=\"woo_ticket_line\"><\/div>\r\n\t\n\t<span class=\"price\"><span class=\"woocommerce-Price-amount amount\"><bdi><span class=\"woocommerce-Price-currencySymbol\">&#36;<\/span>359.00<\/bdi><\/span><\/span>\n        <div class=\"ticket_description_two\">\r\n            <div>\r\n                <span>Di\u1ec5n gi\u1ea3i c\u00e1c kh\u00f4ng gian di s\u1ea3n ho\u00e0ng cung<\/span><span>Tr\u1ea3i nghi\u1ec7m x\u01b0\u1edfng th\u1ee7 c\u00f4ng c\u00f9ng ngh\u1ec7 nh\u00e2n<\/span><span>Th\u0103m kh\u00f4ng gian ngh\u1ec7 thu\u1eadt \u0111\u01b0\u01a1ng \u0111\u1ea1i<\/span><span>L\u01b0u tr\u00fa boutique (1 \u0111\u00eam)<\/span>            <\/div>\r\n        <\/div>\r\n    <\/a><a href=\"\/index.php\/wp-json\/wp\/v2\/pages\/1147?add-to-cart=361\" aria-describedby=\"woocommerce_loop_add_to_cart_link_describedby_361\" data-quantity=\"1\" class=\" button eventime_plus\" data-product_id=\"361\" data-product_sku=\"\" aria-label=\"\u0110\u1ecdc th\u00eam v\u1ec1 &ldquo;Tour 2 Ng\u00e0y&rdquo;\" rel=\"nofollow\" role=\"button\"><\/a>\t<span id=\"woocommerce_loop_add_to_cart_link_describedby_361\" class=\"screen-reader-text\">\r\n\t\t\t<\/span>\r\n\t\t\t<div class=\"clear\"><\/div><\/div>\r\n\t\r\n<\/li>\r\n<li class=\"eventime_product eventime-ticket-white-content product type-product post-363 status-publish instock product_cat-tours has-post-thumbnail shipping-taxable purchasable product-type-chaykovskiy_eventime_ticket\" style=\"background-image:url(https:\/\/arthub.vn\/wp-content\/uploads\/2016\/04\/IMG_3633-2-510x720.jpg);\">\r\n\r\n\t\t<div class=\"eventime_ticket_mask\" style=\"background-color: rgba(0,0,0,0.57);\">\r\n\t<a href=\"https:\/\/arthub.vn\/index.php\/san-pham\/two-days-pass\/\" class=\"woocommerce-LoopProduct-link woocommerce-loop-product__link\"><h2 class=\"woocommerce-loop-product__title\">Tour 3 Ng\u00e0y<\/h2>\r\n\t<div class=\"woo_ticket_line\"><\/div>\r\n\t\n\t<span class=\"price\"><span class=\"woocommerce-Price-amount amount\"><bdi><span class=\"woocommerce-Price-currencySymbol\">&#36;<\/span>429.00<\/bdi><\/span><\/span>\n        <div class=\"ticket_description_two\">\r\n            <div>\r\n                <span>Th\u0103m studio ngh\u1ec7 s\u0129<\/span><span>Tham quan b\u1ea3o t\u00e0ng \/ v\u01b0\u1eddn \u0111i\u00eau kh\u1eafc<\/span><span>Tr\u1ea3i nghi\u1ec7m ho\u00e0ng h\u00f4n tr\u00ean \u0111\u1ea7m ph\u00e1<\/span><span>L\u01b0u tr\u00fa boutique (2 \u0111\u00eam)<\/span>            <\/div>\r\n        <\/div>\r\n    <\/a><a href=\"\/index.php\/wp-json\/wp\/v2\/pages\/1147?add-to-cart=363\" aria-describedby=\"woocommerce_loop_add_to_cart_link_describedby_363\" data-quantity=\"1\" class=\" button eventime_plus\" data-product_id=\"363\" data-product_sku=\"\" aria-label=\"\u0110\u1ecdc th\u00eam v\u1ec1 &ldquo;Tour 3 Ng\u00e0y&rdquo;\" rel=\"nofollow\" role=\"button\"><\/a>\t<span id=\"woocommerce_loop_add_to_cart_link_describedby_363\" class=\"screen-reader-text\">\r\n\t\t\t<\/span>\r\n\t\t\t<div class=\"clear\"><\/div><\/div>\r\n\t\r\n<\/li>\r\n<li class=\"eventime_product eventime-ticket-no-border eventime-ticket-white-content product type-product post-368 status-publish last instock product_cat-tours has-post-thumbnail shipping-taxable purchasable product-type-chaykovskiy_eventime_ticket\" style=\"background-image:url(https:\/\/arthub.vn\/wp-content\/uploads\/2026\/02\/537267098_3108965762604300_5506566265459571796_n-510x720.jpg);\">\r\n\r\n\t\t<div class=\"eventime_ticket_mask\" style=\"background-color: rgba(12,12,12,0.27);\">\r\n\t<a href=\"https:\/\/arthub.vn\/index.php\/san-pham\/vip\/\" class=\"woocommerce-LoopProduct-link woocommerce-loop-product__link\"><h2 class=\"woocommerce-loop-product__title\">4-5 ng\u00e0y<\/h2>\r\n\t<div class=\"woo_ticket_line\"><\/div>\r\n\t\n\t<span class=\"price\"><span class=\"woocommerce-Price-amount amount\"><bdi><span class=\"woocommerce-Price-currencySymbol\">&#36;<\/span>579.00<\/bdi><\/span><\/span>\n        <div class=\"ticket_description_two\">\r\n            <div>\r\n                <span>C\u00e1c bu\u1ed5i \u0111\u1ed1i tho\u1ea1i c\u00f3 c\u1ea5u tr\u00fac<\/span><span>Phi\u00ean s\u00e1ng t\u1ea1o t\u1ef1 ch\u1ecdn<\/span><span>Tr\u1ea3i nghi\u1ec7m ngh\u1ec1 th\u1ee7 c\u00f4ng<\/span><span>B\u00ecnh minh \u0111\u1ea7m ph\u00e1 \/ th\u1ef1c h\u00e0nh ch\u00e1nh ni\u1ec7m<\/span><span>Host \u0111\u1ed3ng h\u00e0nh ri\u00eang<\/span>            <\/div>\r\n        <\/div>\r\n    <\/a><a href=\"\/index.php\/wp-json\/wp\/v2\/pages\/1147?add-to-cart=368\" aria-describedby=\"woocommerce_loop_add_to_cart_link_describedby_368\" data-quantity=\"1\" class=\" button eventime_plus\" data-product_id=\"368\" data-product_sku=\"\" aria-label=\"\u0110\u1ecdc th\u00eam v\u1ec1 &ldquo;4-5 ng\u00e0y&rdquo;\" rel=\"nofollow\" role=\"button\"><\/a>\t<span id=\"woocommerce_loop_add_to_cart_link_describedby_368\" class=\"screen-reader-text\">\r\n\t\t\t<\/span>\r\n\t\t\t<div class=\"clear\"><\/div><\/div>\r\n\t\r\n<\/li>\r\n<\/ul>\r\n<\/div><div class=\"vc_empty_space  et-vc-custom-styling-vc_empty_space\"   style=\"height: 32px\"><span class=\"vc_empty_space_inner\"><\/span><\/div><div class=\"clear\"><\/div><\/div><\/div><\/div><\/div><\/div>\n<\/div>","protected":false},"excerpt":{"rendered":"SPEAKERS Every year, we try our best to find the most inspirational speakers from all over the world. We are thrilled to show you people, who are the driving forces behind the most successful design projects and remarkable business stories. Jeremy Crackevich Featured guest Crackevich's influence on contemporary graphic design is unparalleled. This outstanding expert [...]","protected":false},"author":2,"featured_media":0,"parent":0,"menu_order":0,"comment_status":"closed","ping_status":"closed","template":"fullwidth.php","meta":{"footnotes":""},"class_list":["post-1147","page","type-page","status-publish","hentry",""],"_links":{"self":[{"href":"https:\/\/arthub.vn\/index.php\/wp-json\/wp\/v2\/pages\/1147","targetHints":{"allow":["GET"]}}],"collection":[{"href":"https:\/\/arthub.vn\/index.php\/wp-json\/wp\/v2\/pages"}],"about":[{"href":"https:\/\/arthub.vn\/index.php\/wp-json\/wp\/v2\/types\/page"}],"author":[{"embeddable":true,"href":"https:\/\/arthub.vn\/index.php\/wp-json\/wp\/v2\/users\/2"}],"replies":[{"embeddable":true,"href":"https:\/\/arthub.vn\/index.php\/wp-json\/wp\/v2\/comments?post=1147"}],"version-history":[{"count":1,"href":"https:\/\/arthub.vn\/index.php\/wp-json\/wp\/v2\/pages\/1147\/revisions"}],"predecessor-version":[{"id":1499,"href":"https:\/\/arthub.vn\/index.php\/wp-json\/wp\/v2\/pages\/1147\/revisions\/1499"}],"wp:attachment":[{"href":"https:\/\/arthub.vn\/index.php\/wp-json\/wp\/v2\/media?parent=1147"}],"curies":[{"name":"wp","href":"https:\/\/api.w.org\/{rel}","templated":true}]}}