{"id":1686,"date":"2026-03-10T14:42:38","date_gmt":"2026-03-10T14:42:38","guid":{"rendered":"https:\/\/arthub.vn\/?page_id=1686"},"modified":"2026-03-11T03:46:54","modified_gmt":"2026-03-11T03:46:54","slug":"art-weekend","status":"publish","type":"page","link":"https:\/\/arthub.vn\/index.php\/art-weekend\/","title":{"rendered":"Art Weekend"},"content":{"rendered":"<div class=\"wpb-content-wrapper\"><div data-vc-full-width=\"true\" data-vc-full-width-init=\"false\" class=\"vc_row wpb_row vc_row-fluid et-vc-custom-styling-vc_row\"><div class=\"wpb_column vc_column_container vc_col-sm-12 et-vc-custom-styling-vc_column\"><div class=\"vc_column-inner\"><div class=\"wpb_wrapper\">\n        <div class=\"et-schedules-container  \">\n        <div class=\"mini_gap\"><\/div>\n        <div class=\"first_line \" ><\/div>\n                             <div class=\"first_title\">\n                             <p class=\"\" >\n                             \n                             <\/p>\n                             <\/div>\n                             <div class=\"first_description\">\n                             <p class=\"\" >\n                             <\/p>\n<h1>ART WEEKEND \u1ede HU\u1ebe<\/h1>\n<h3 data-section-id=\"1r58qle\" data-start=\"369\" data-end=\"423\">M\u1ed9t cu\u1ed1i tu\u1ea7n ngh\u1ec7 thu\u1eadt, di s\u1ea3n v\u00e0 nh\u1ecbp s\u1ed1ng ch\u1eadm<\/h3>\n<p data-start=\"425\" data-end=\"561\">M\u1ed9t h\u00e0nh tr\u00ecnh cu\u1ed1i tu\u1ea7n \u0111\u01b0\u1ee3c tuy\u1ec3n ch\u1ecdn k\u1ef9 t\u1ea1i Hu\u1ebf d\u00e0nh cho nh\u1eefng ng\u01b0\u1eddi mu\u1ed1n kh\u00e1m ph\u00e1 th\u00e0nh ph\u1ed1 n\u00e0y theo m\u1ed9t c\u00e1ch tinh t\u1ebf v\u00e0 kh\u00e1c bi\u1ec7t.<\/p>\n<p data-start=\"563\" data-end=\"633\">N\u1ebfu b\u1ea1n \u0111\u00e3 ng\u1ee3p v\u1edbi nh\u1eefng tour tham quan d\u1ed3n d\u1eadp hay \u0111\u00e3 ch\u00e1n v\u1edbi m\u1ed9t k\u1ef3 ngh\u1ec9 \u0111\u01a1n thu\u1ea7n, th\u00ec \u0111\u00e2y l\u00e0 tour d\u00e0nh cho b\u1ea1n.<\/p>\n<p data-start=\"563\" data-end=\"633\">Art Weekend m\u1edf c\u00e1nh c\u1eeda Hu\u1ebf qua ngh\u1ec7 thu\u1eadt, c\u1ea3nh quan, di s\u1ea3n v\u00e0 nh\u1eefng kh\u00f4ng gian \u0111\u1eb9p \u0111\u01b0\u1ee3c k\u1ebft n\u1ed1i trong m\u1ed9t nh\u1ecbp \u0111i v\u1eeba \u0111\u1ee7 ch\u1eadm \u0111\u1ec3 b\u1ea1n c\u1ea3m nh\u1eadn v\u00e0 l\u1eafng \u0111\u1ecdng. \u0110\u1eb7c bi\u1ec7t n\u1ebfu b\u1ea1n y\u00eau ngh\u1ec7 thu\u1eadt, quan t\u00e2m t\u1edbi tri\u1ebft l\u00fd s\u1ed1ng v\u00e0 \u01b0a th\u00edch c\u00e1ch s\u1ed1ng s\u00e2u s\u1eafc.<\/p>\n<p data-start=\"774\" data-end=\"835\"><strong data-start=\"774\" data-end=\"789\">Th\u1eddi l\u01b0\u1ee3ng:<\/strong> 3 ng\u00e0y \/ 2 \u0111\u00eam<br data-start=\"804\" data-end=\"807\" \/><strong data-start=\"807\" data-end=\"823\">Quy m\u00f4 nh\u00f3m:<\/strong> 4 &#8211; 8 kh\u00e1ch<\/p>\n<p>\n                             <\/p>\n                             <\/div>\n        <div id=\"sh_carousel1\" style=\"min-height: 850px;\" class=\"carousel sh_carousel slide\" data-interval=\"false\">\n        <div class=\"carousel-indicators\">\n        <div data-slide-to=\"0\" data-target=\"#sh_carousel1\" class=\" waypointAnimation animationType-fadeInLeft active btn eventime_button graybtn graytxt \">NG\u00c0Y 1 - Th\u1ee9 S\u00e1u<\/div><div data-slide-to=\"1\" data-target=\"#sh_carousel1\" class=\" waypointAnimation animationType-fadeInLeft  btn eventime_button graybtn graytxt \">NG\u00c0Y 2 - Th\u1ee9 B\u1ea3y<\/div><div data-slide-to=\"2\" data-target=\"#sh_carousel1\" class=\" waypointAnimation animationType-fadeInLeft  btn eventime_button graybtn graytxt \">NG\u00c0Y 3 - Ch\u1ee7 Nh\u1eadt<\/div>\n        <\/div>\n        <div class=\"carousel-inner\">\n        <div class=\"item active\"><div class=\"schedule_date \" style=\"visibility:visible;\"><\/div><div class=\"schedule_month \" style=\"visibility:visible;\"><\/div><div class=\"mini_gap\"><\/div><div id=\"accordion_1_1\"><div class=\"panel\" style=\"visibility: visible;\"><a href=\"#et_entry_1684_1_1_1\" data-parent=\"#accordion_1_1\" data-toggle=\"collapse\"><div class=\"accordion_left\"><div class=\"accordions_titles_small\"><p class=\"accordion_date\">14:00 - 15:00<\/p><\/div><\/div><div class=\"accordion_right\"><div class=\"accordions_titles_small\"><div class=\"accordion_description\"><p>Khung gi\u1edd \u0111\u00f3n kh\u00e1ch<\/p><p class=\"name\">\u0110\u00f3n kh\u00e1ch theo danh s\u00e1ch arrival<\/p><\/div><\/div><\/div><\/a><\/div><div id=\"et_entry_1684_1_1_1\" class=\"panel-collapse collapse accordion_full\"><div class=\"speakers-wrapper\"><div class=\"default_venue\" data-toggle=\"tooltip\" data-placement=\"right\" title=\"S\u00e2n bay \/ Ga Hu\u1ebf \/ Trung t\u00e2m\"><\/div><\/div><p><\/p><div class=\"clear\"><\/div><\/div><div class=\"mini_gap\"><\/div><div class=\"panel\" style=\"visibility: visible;\"><a href=\"#et_entry_1684_1_1_2\" data-parent=\"#accordion_1_2\" data-toggle=\"collapse\"><div class=\"accordion_left\"><div class=\"accordions_titles_small\"><p class=\"accordion_date\">15:00 - 15:30<\/p><\/div><\/div><div class=\"accordion_right\"><div class=\"accordions_titles_small\"><div class=\"accordion_description\"><p>Di chuy\u1ec3n v\u00e0o th\u00e0nh ph\u1ed1<\/p><p class=\"name\">Gi\u1edbi thi\u1ec7u ng\u1eafn v\u1ec1 h\u00e0nh tr\u00ecnh<\/p><\/div><\/div><\/div><\/a><\/div><div id=\"et_entry_1684_1_1_2\" class=\"panel-collapse collapse accordion_full\"><div class=\"speakers-wrapper\"><div class=\"default_venue\" data-toggle=\"tooltip\" data-placement=\"right\" title=\"Hu\u1ebf\"><\/div><\/div><p><\/p><div class=\"clear\"><\/div><\/div><div class=\"mini_gap\"><\/div><div class=\"panel\" style=\"visibility: visible;\"><a href=\"#et_entry_1684_1_1_3\" data-parent=\"#accordion_1_3\" data-toggle=\"collapse\"><div class=\"accordion_left\"><div class=\"accordions_titles_small\"><p class=\"accordion_date\">15:30 - 16:00<\/p><\/div><\/div><div class=\"accordion_right\"><div class=\"accordions_titles_small\"><div class=\"accordion_description\"><p>Check-in kh\u00e1ch s\u1ea1n boutique<\/p><\/div><\/div><\/div><\/a><\/div><div id=\"et_entry_1684_1_1_3\" class=\"panel-collapse collapse accordion_full\"><div class=\"speakers-wrapper\"><div class=\"default_venue\" data-toggle=\"tooltip\" data-placement=\"right\" title=\"Trung t\u00e2m Hu\u1ebf\"><\/div><\/div><p><\/p><div class=\"clear\"><\/div><\/div><div class=\"mini_gap\"><\/div><div class=\"panel\" style=\"visibility: visible;\"><a href=\"#et_entry_1684_1_1_4\" data-parent=\"#accordion_1_4\" data-toggle=\"collapse\"><div class=\"accordion_left\"><div class=\"accordions_titles_small\"><p class=\"accordion_date\">16:30 - 17:30<\/p><\/div><\/div><div class=\"accordion_right\"><div class=\"accordions_titles_small\"><div class=\"accordion_description\"><p>T\u1ea3n b\u1ed9 nh\u1eb9 ven s\u00f4ng H\u01b0\u01a1ng<\/p><p class=\"name\">Tuy\u1ebfn \u0111\u01b0\u1eddng c\u1ea3nh quan<\/p><\/div><\/div><\/div><\/a><\/div><div id=\"et_entry_1684_1_1_4\" class=\"panel-collapse collapse accordion_full\"><div class=\"speakers-wrapper\"><div class=\"default_venue\" data-toggle=\"tooltip\" data-placement=\"right\" title=\"Trung t\u00e2m\"><\/div><\/div><p><\/p><div class=\"clear\"><\/div><\/div><div class=\"mini_gap\"><\/div><div class=\"panel\" style=\"visibility: visible;\"><a href=\"#et_entry_1684_1_1_5\" data-parent=\"#accordion_1_5\" data-toggle=\"collapse\"><div class=\"accordion_left\"><div class=\"accordions_titles_small\"><p class=\"accordion_date\">18:00 - 20:00<\/p><\/div><\/div><div class=\"accordion_right\"><div class=\"accordions_titles_small\"><div class=\"accordion_description\"><p>Dinner Cruise tr\u00ean s\u00f4ng H\u01b0\u01a1ng<\/p><p class=\"name\">\u1ea8m th\u1ef1c Hu\u1ebf tr\u00ean du thuy\u1ec1n v\u00e0 th\u01b0\u1edfng th\u1ee9c \u00e2m nh\u1ea1c truy\u1ec1n th\u1ed1ng<\/p><\/div><\/div><\/div><\/a><\/div><div id=\"et_entry_1684_1_1_5\" class=\"panel-collapse collapse accordion_full\"><div class=\"speakers-wrapper\"><div class=\"default_venue\" data-toggle=\"tooltip\" data-placement=\"right\" title=\"S\u00f4ng H\u01b0\u01a1ng\"><\/div><\/div><p><\/p><div class=\"clear\"><\/div><\/div><div class=\"mini_gap\"><\/div><div class=\"panel\" style=\"visibility: visible;\"><a href=\"#et_entry_1684_1_1_6\" data-parent=\"#accordion_1_6\" data-toggle=\"collapse\"><div class=\"accordion_left\"><div class=\"accordions_titles_small\"><p class=\"accordion_date\">20:00<\/p><\/div><\/div><div class=\"accordion_right\"><div class=\"accordions_titles_small\"><div class=\"accordion_description\"><p>Tr\u1edf v\u1ec1 kh\u00e1ch s\u1ea1n<\/p><p class=\"name\">Vui ch\u01a1i t\u1ef1 do - ngh\u1ec9 \u0111\u00eam<\/p><\/div><\/div><\/div><\/a><\/div><div id=\"et_entry_1684_1_1_6\" class=\"panel-collapse collapse accordion_full\"><div class=\"speakers-wrapper\"><div class=\"default_venue\" data-toggle=\"tooltip\" data-placement=\"right\" title=\"Kh\u00e1ch s\u1ea1n\"><\/div><\/div><p><\/p><div class=\"clear\"><\/div><\/div><div class=\"mini_gap\"><\/div><\/div><\/div><div class=\"item \"><div class=\"schedule_date \" style=\"visibility:visible;\"><\/div><div class=\"schedule_month \" style=\"visibility:visible;\"><\/div><div class=\"mini_gap\"><\/div><div id=\"accordion_1_2\"><div class=\"panel\" style=\"visibility: visible;\"><a href=\"#et_entry_1684_1_2_1\" data-parent=\"#accordion_1_1\" data-toggle=\"collapse\"><div class=\"accordion_left\"><div class=\"accordions_titles_small\"><p class=\"accordion_date\">08:00 - 09:00<\/p><\/div><\/div><div class=\"accordion_right\"><div class=\"accordions_titles_small\"><div class=\"accordion_description\"><p>B\u1eefa s\u00e1ng<\/p><\/div><\/div><\/div><\/a><\/div><div id=\"et_entry_1684_1_2_1\" class=\"panel-collapse collapse accordion_full\"><div class=\"speakers-wrapper\"><div class=\"default_venue\" data-toggle=\"tooltip\" data-placement=\"right\" title=\"Kh\u00e1ch s\u1ea1n\"><\/div><\/div><p><\/p><div class=\"clear\"><\/div><\/div><div class=\"mini_gap\"><\/div><div class=\"panel\" style=\"visibility: visible;\"><a href=\"#et_entry_1684_1_2_2\" data-parent=\"#accordion_1_2\" data-toggle=\"collapse\"><div class=\"accordion_left\"><div class=\"accordions_titles_small\"><p class=\"accordion_date\">09:30 - 10:00<\/p><\/div><\/div><div class=\"accordion_right\"><div class=\"accordions_titles_small\"><div class=\"accordion_description\"><p>\u0110\u1ebfn kh\u00f4ng gian v\u01b0\u1eddn Lan Vi\u00ean C\u1ed1 T\u00edch<\/p><p class=\"name\">Xe \u0111\u00f3n t\u1ea1i kh\u00e1ch s\u1ea1n<\/p><\/div><\/div><\/div><\/a><\/div><div id=\"et_entry_1684_1_2_2\" class=\"panel-collapse collapse accordion_full\"><div class=\"speakers-wrapper\"><div class=\"default_venue\" data-toggle=\"tooltip\" data-placement=\"right\" title=\"Lan Vi\u00ean C\u1ed1 T\u00edch\"><\/div><\/div><p><\/p><div class=\"clear\"><\/div><\/div><div class=\"mini_gap\"><\/div><div class=\"panel\" style=\"visibility: visible;\"><a href=\"#et_entry_1684_1_2_3\" data-parent=\"#accordion_1_3\" data-toggle=\"collapse\"><div class=\"accordion_left\"><div class=\"accordions_titles_small\"><p class=\"accordion_date\">10:00 - 10:30<\/p><\/div><\/div><div class=\"accordion_right\"><div class=\"accordions_titles_small\"><div class=\"accordion_description\"><p>Welcome tea - Th\u0103m b\u1ea3o t\u00e0ng g\u1ed1m c\u1ed5<\/p><p class=\"name\">Tr\u00e0 v\u00e0 th\u01b0 gi\u00e3n trong kh\u00f4ng gian v\u01b0\u1eddn v\u00e0 b\u1ea3o t\u00e0ng<\/p><\/div><\/div><\/div><\/a><\/div><div id=\"et_entry_1684_1_2_3\" class=\"panel-collapse collapse accordion_full\"><div class=\"speakers-wrapper\"><div class=\"default_venue\" data-toggle=\"tooltip\" data-placement=\"right\" title=\"Lan Vi\u00ean C\u1ed1 T\u00edch\"><\/div><\/div><p><\/p><div class=\"clear\"><\/div><\/div><div class=\"mini_gap\"><\/div><div class=\"panel\" style=\"visibility: visible;\"><a href=\"#et_entry_1684_1_2_4\" data-parent=\"#accordion_1_4\" data-toggle=\"collapse\"><div class=\"accordion_left\"><div class=\"accordions_titles_small\"><p class=\"accordion_date\">10:30 - 12:00<\/p><\/div><\/div><div class=\"accordion_right\"><div class=\"accordions_titles_small\"><div class=\"accordion_description\"><p>Tr\u00f2 chuy\u1ec7n v\u0103n h\u00f3a v\u1ec1 tri\u1ebft l\u00fd s\u1ed1ng v\u1edbi GS Tri\u1ebft h\u1ecdc Th\u00e1i Kim Lan<\/p><p class=\"name\">C\u00f9ng \u0111\u1ecba \u0111i\u1ec3m<\/p><\/div><\/div><\/div><\/a><\/div><div id=\"et_entry_1684_1_2_4\" class=\"panel-collapse collapse accordion_full\"><div class=\"speakers-wrapper\"><div class=\"default_venue\" data-toggle=\"tooltip\" data-placement=\"right\" title=\"Lan Vi\u00ean C\u1ed1 T\u00edch\"><\/div><\/div><p><\/p><div class=\"clear\"><\/div><\/div><div class=\"mini_gap\"><\/div><div class=\"panel\" style=\"visibility: visible;\"><a href=\"#et_entry_1684_1_2_5\" data-parent=\"#accordion_1_5\" data-toggle=\"collapse\"><div class=\"accordion_left\"><div class=\"accordions_titles_small\"><p class=\"accordion_date\">12:15 - 13:30<\/p><\/div><\/div><div class=\"accordion_right\"><div class=\"accordions_titles_small\"><div class=\"accordion_description\"><p>B\u1eefa tr\u01b0a thanh nh\u1eb9 ki\u1ec3u Hu\u1ebf<\/p><p class=\"name\">Garden lunch<\/p><\/div><\/div><\/div><\/a><\/div><div id=\"et_entry_1684_1_2_5\" class=\"panel-collapse collapse accordion_full\"><div class=\"speakers-wrapper\"><div class=\"default_venue\" data-toggle=\"tooltip\" data-placement=\"right\" title=\"Lan Vi\u00ean C\u1ed1 t\u00edch\"><\/div><\/div><p><\/p><div class=\"clear\"><\/div><\/div><div class=\"mini_gap\"><\/div><div class=\"panel\" style=\"visibility: visible;\"><a href=\"#et_entry_1684_1_2_6\" data-parent=\"#accordion_1_6\" data-toggle=\"collapse\"><div class=\"accordion_left\"><div class=\"accordions_titles_small\"><p class=\"accordion_date\">13:30 - 14:00<\/p><\/div><\/div><div class=\"accordion_right\"><div class=\"accordions_titles_small\"><div class=\"accordion_description\"><p>Di chuy\u1ec3n<\/p><p class=\"name\">Tuy\u1ebfn \u0111\u01b0\u1eddng c\u1ea3nh quan<\/p><\/div><\/div><\/div><\/a><\/div><div id=\"et_entry_1684_1_2_6\" class=\"panel-collapse collapse accordion_full\"><div class=\"speakers-wrapper\"><div class=\"default_venue\" data-toggle=\"tooltip\" data-placement=\"right\" title=\"Ngo\u1ea1i \u00f4 Hu\u1ebf\"><\/div><\/div><p><\/p><div class=\"clear\"><\/div><\/div><div class=\"mini_gap\"><\/div><div class=\"panel\" style=\"visibility: visible;\"><a href=\"#et_entry_1684_1_2_7\" data-parent=\"#accordion_1_7\" data-toggle=\"collapse\"><div class=\"accordion_left\"><div class=\"accordions_titles_small\"><p class=\"accordion_date\">14:00 - 15:30<\/p><\/div><\/div><div class=\"accordion_right\"><div class=\"accordions_titles_small\"><div class=\"accordion_description\"><p>Kh\u00e1m ph\u00e1 ngh\u1ec7 thu\u1eadt c\u1ee7a L\u00ea B\u00e1 \u0110\u1ea3ng<\/p><p class=\"name\">Kh\u00f4ng gian m\u1ef9 thu\u1eadt<\/p><\/div><\/div><\/div><\/a><\/div><div id=\"et_entry_1684_1_2_7\" class=\"panel-collapse collapse accordion_full\"><div class=\"speakers-wrapper\"><div class=\"default_venue\" data-toggle=\"tooltip\" data-placement=\"right\" title=\"Le Ba Dang Memory Space\"><\/div><\/div><p><\/p><div class=\"clear\"><\/div><\/div><div class=\"mini_gap\"><\/div><div class=\"panel\" style=\"visibility: visible;\"><a href=\"#et_entry_1684_1_2_8\" data-parent=\"#accordion_1_8\" data-toggle=\"collapse\"><div class=\"accordion_left\"><div class=\"accordions_titles_small\"><p class=\"accordion_date\">16:00 - 17:00<\/p><\/div><\/div><div class=\"accordion_right\"><div class=\"accordions_titles_small\"><div class=\"accordion_description\"><p>Ngh\u1ec9 ng\u1eafn - Cafe b\u00ean S\u00f4ng H\u01b0\u01a1ng<\/p><p class=\"name\">Tham quan Kh\u00f4ng Gian v\u0103n ho\u00e1 \u0111\u1ecdc - B\u1ea3o t\u00e0ng L\u00ea B\u00e1 \u0110\u1ea3ng - \u0110i\u1ec1m Ph\u00f9ng Th\u1ecb<\/p><\/div><\/div><\/div><\/a><\/div><div id=\"et_entry_1684_1_2_8\" class=\"panel-collapse collapse accordion_full\"><div class=\"speakers-wrapper\"><div class=\"default_venue\" data-toggle=\"tooltip\" data-placement=\"right\" title=\"25 L\u00ea L\u1ee3i\"><\/div><\/div><p><\/p><div class=\"clear\"><\/div><\/div><div class=\"mini_gap\"><\/div><div class=\"panel\" style=\"visibility: visible;\"><a href=\"#et_entry_1684_1_2_9\" data-parent=\"#accordion_1_9\" data-toggle=\"collapse\"><div class=\"accordion_left\"><div class=\"accordions_titles_small\"><p class=\"accordion_date\">17:30 - 18:00<\/p><\/div><\/div><div class=\"accordion_right\"><div class=\"accordions_titles_small\"><div class=\"accordion_description\"><p>Di chuy\u1ec3n<\/p><p class=\"name\">Khu v\u1ef1c trung t\u00e2m<\/p><\/div><\/div><\/div><\/a><\/div><div id=\"et_entry_1684_1_2_9\" class=\"panel-collapse collapse accordion_full\"><div class=\"speakers-wrapper\"><div class=\"default_venue\" data-toggle=\"tooltip\" data-placement=\"right\" title=\"Nh\u00e0 v\u01b0\u1eddn \u00dd Th\u1ea3o\"><\/div><\/div><p><\/p><div class=\"clear\"><\/div><\/div><div class=\"mini_gap\"><\/div><div class=\"panel\" style=\"visibility: visible;\"><a href=\"#et_entry_1684_1_2_10\" data-parent=\"#accordion_1_10\" data-toggle=\"collapse\"><div class=\"accordion_left\"><div class=\"accordions_titles_small\"><p class=\"accordion_date\">18:30 - 20:30<\/p><\/div><\/div><div class=\"accordion_right\"><div class=\"accordions_titles_small\"><div class=\"accordion_description\"><p>\u0102n t\u1ed1i t\u1ea1i Nh\u00e0 v\u01b0\u1eddn Hu\u1ebf<\/p><\/div><\/div><\/div><\/a><\/div><div id=\"et_entry_1684_1_2_10\" class=\"panel-collapse collapse accordion_full\"><div class=\"speakers-wrapper\"><div class=\"default_venue\" data-toggle=\"tooltip\" data-placement=\"right\" title=\"Nh\u00e0 v\u01b0\u1eddn \u00dd Th\u1ea3o\"><\/div><\/div><p><\/p><div class=\"clear\"><\/div><\/div><div class=\"mini_gap\"><\/div><\/div><\/div><div class=\"item \"><div class=\"schedule_date \" style=\"visibility:visible;\"><\/div><div class=\"schedule_month \" style=\"visibility:visible;\"><\/div><div class=\"mini_gap\"><\/div><div id=\"accordion_1_3\"><div class=\"panel\" style=\"visibility: visible;\"><a href=\"#et_entry_1684_1_3_1\" data-parent=\"#accordion_1_1\" data-toggle=\"collapse\"><div class=\"accordion_left\"><div class=\"accordions_titles_small\"><p class=\"accordion_date\">08:00 - 09:00<\/p><\/div><\/div><div class=\"accordion_right\"><div class=\"accordions_titles_small\"><div class=\"accordion_description\"><p>\u0102n s\u00e1ng t\u1ea1i kh\u00e1ch s\u1ea1n<\/p><\/div><\/div><\/div><\/a><\/div><div id=\"et_entry_1684_1_3_1\" class=\"panel-collapse collapse accordion_full\"><div class=\"speakers-wrapper\"><div class=\"default_venue\" data-toggle=\"tooltip\" data-placement=\"right\" title=\"Kh\u00e1ch s\u1ea1n\"><\/div><\/div><p><\/p><div class=\"clear\"><\/div><\/div><div class=\"mini_gap\"><\/div><div class=\"panel\" style=\"visibility: visible;\"><a href=\"#et_entry_1684_1_3_2\" data-parent=\"#accordion_1_2\" data-toggle=\"collapse\"><div class=\"accordion_left\"><div class=\"accordions_titles_small\"><p class=\"accordion_date\">09:30 - 11:00<\/p><\/div><\/div><div class=\"accordion_right\"><div class=\"accordions_titles_small\"><div class=\"accordion_description\"><p>Th\u0103m x\u01b0\u1edfng Ph\u00e1p lam Hu\u1ebf<\/p><p class=\"name\">G\u1eb7p g\u1ee1 ngh\u1ec7 nh\u00e2n \u0110\u1ed7 H\u1eefu Tri\u1ebft v\u00e0 t\u00ecm hi\u1ec3u k\u1ef9 thu\u1eadt men m\u00e0u cung \u0111\u00ecnh \u0111\u1ed9c \u0111\u00e1o ch\u1ec9 c\u00f3 \u1edf Hu\u1ebf<\/p><\/div><\/div><\/div><\/a><\/div><div id=\"et_entry_1684_1_3_2\" class=\"panel-collapse collapse accordion_full\"><div class=\"speakers-wrapper\"><div class=\"default_venue\" data-toggle=\"tooltip\" data-placement=\"right\" title=\"X\u01b0\u1edfng ph\u00e1p lam duy nh\u1ea5t t\u1ea1i Hu\u1ebf\"><\/div><\/div><p><\/p><div class=\"clear\"><\/div><\/div><div class=\"mini_gap\"><\/div><div class=\"panel\" style=\"visibility: visible;\"><a href=\"#et_entry_1684_1_3_3\" data-parent=\"#accordion_1_3\" data-toggle=\"collapse\"><div class=\"accordion_left\"><div class=\"accordions_titles_small\"><p class=\"accordion_date\">11:30 - 12:30<\/p><\/div><\/div><div class=\"accordion_right\"><div class=\"accordions_titles_small\"><div class=\"accordion_description\"><p>\u0102n tr\u01b0a t\u1ea1m bi\u1ec7t<\/p><\/div><\/div><\/div><\/a><\/div><div id=\"et_entry_1684_1_3_3\" class=\"panel-collapse collapse accordion_full\"><div class=\"speakers-wrapper\"><div class=\"default_venue\" data-toggle=\"tooltip\" data-placement=\"right\" title=\"Nh\u00e0 h\u00e0ng Hu\u1ebf\"><\/div><\/div><p><\/p><div class=\"clear\"><\/div><\/div><div class=\"mini_gap\"><\/div><div class=\"panel\" style=\"visibility: visible;\"><a href=\"#et_entry_1684_1_3_4\" data-parent=\"#accordion_1_4\" data-toggle=\"collapse\"><div class=\"accordion_left\"><div class=\"accordions_titles_small\"><p class=\"accordion_date\">13:00 - 17:00<\/p><\/div><\/div><div class=\"accordion_right\"><div class=\"accordions_titles_small\"><div class=\"accordion_description\"><p>Ti\u1ec5n kh\u00e1ch ra s\u00e2n bay \/ ga<\/p><p class=\"name\">Theo gi\u1edd c\u1ee7a kh\u00e1ch<\/p><\/div><\/div><\/div><\/a><\/div><div id=\"et_entry_1684_1_3_4\" class=\"panel-collapse collapse accordion_full\"><div class=\"speakers-wrapper\"><div class=\"default_venue\" data-toggle=\"tooltip\" data-placement=\"right\" title=\"S\u00e2n bay \/ Ga Hu\u1ebf \/ Trung t\u00e2m\"><\/div><\/div><p><\/p><div class=\"clear\"><\/div><\/div><div class=\"mini_gap\"><\/div><\/div><\/div>\n        <a data-slide=\"prev\" href=\"#sh_carousel1\" class=\"left_arrow waypointAnimation animationType-fadeInLeft\">\n            <svg height=\"48\" width=\"26px\">\n                <polygon points=\"3.3,24.5 25.5,2.3 24,0.8 0.3,24.5 24,48.2 25.5,46.7\"\/>\n            <\/svg>\n        <\/a>\n        <a data-slide=\"next\" href=\"#sh_carousel1\" class=\"right_arrow waypointAnimation animationType-fadeInRight\">\n            <svg height=\"48\" width=\"26px\">\n                <polygon points=\"22.5,24.5 0.3,2.3 1.8,0.8 25.5,24.5 1.8,48.2 0.3,46.7\"\/>\n            <\/svg>\n        <\/a>\n        <\/div>\n    <\/div>\n    <\/div><\/div><\/div><\/div><\/div><div class=\"vc_row-full-width\"><\/div>\n<\/div>","protected":false},"excerpt":{"rendered":"ART WEEKEND \u1ede HU\u1ebe M\u1ed9t cu\u1ed1i tu\u1ea7n ngh\u1ec7 thu\u1eadt, di s\u1ea3n v\u00e0 nh\u1ecbp s\u1ed1ng ch\u1eadm M\u1ed9t h\u00e0nh tr\u00ecnh cu\u1ed1i tu\u1ea7n \u0111\u01b0\u1ee3c tuy\u1ec3n ch\u1ecdn k\u1ef9 t\u1ea1i Hu\u1ebf d\u00e0nh cho nh\u1eefng ng\u01b0\u1eddi mu\u1ed1n kh\u00e1m ph\u00e1 th\u00e0nh ph\u1ed1 n\u00e0y theo m\u1ed9t c\u00e1ch tinh t\u1ebf v\u00e0 kh\u00e1c bi\u1ec7t. N\u1ebfu b\u1ea1n \u0111\u00e3 ng\u1ee3p v\u1edbi nh\u1eefng tour tham quan d\u1ed3n d\u1eadp [...]","protected":false},"author":2,"featured_media":0,"parent":0,"menu_order":0,"comment_status":"closed","ping_status":"closed","template":"fullwidth.php","meta":{"footnotes":""},"class_list":["post-1686","page","type-page","status-publish","hentry",""],"_links":{"self":[{"href":"https:\/\/arthub.vn\/index.php\/wp-json\/wp\/v2\/pages\/1686","targetHints":{"allow":["GET"]}}],"collection":[{"href":"https:\/\/arthub.vn\/index.php\/wp-json\/wp\/v2\/pages"}],"about":[{"href":"https:\/\/arthub.vn\/index.php\/wp-json\/wp\/v2\/types\/page"}],"author":[{"embeddable":true,"href":"https:\/\/arthub.vn\/index.php\/wp-json\/wp\/v2\/users\/2"}],"replies":[{"embeddable":true,"href":"https:\/\/arthub.vn\/index.php\/wp-json\/wp\/v2\/comments?post=1686"}],"version-history":[{"count":11,"href":"https:\/\/arthub.vn\/index.php\/wp-json\/wp\/v2\/pages\/1686\/revisions"}],"predecessor-version":[{"id":1699,"href":"https:\/\/arthub.vn\/index.php\/wp-json\/wp\/v2\/pages\/1686\/revisions\/1699"}],"wp:attachment":[{"href":"https:\/\/arthub.vn\/index.php\/wp-json\/wp\/v2\/media?parent=1686"}],"curies":[{"name":"wp","href":"https:\/\/api.w.org\/{rel}","templated":true}]}}