{"id":781,"date":"2016-05-20T14:59:46","date_gmt":"2016-05-20T14:59:46","guid":{"rendered":"https:\/\/arthub.vn\/?page_id=781"},"modified":"2026-03-07T14:02:57","modified_gmt":"2026-03-07T14:02:57","slug":"contact","status":"publish","type":"page","link":"https:\/\/arthub.vn\/index.php\/contact\/","title":{"rendered":"Li\u00ean h\u1ec7"},"content":{"rendered":"<div class=\"wpb-content-wrapper\"><div id=\"contact\" class=\"vc_row wpb_row vc_row-fluid et-vc-custom-styling-vc_row\"><div class=\"wpb_column vc_column_container vc_col-sm-12 vc_col-has-fill et-vc-custom-styling-vc_column\"><div class=\"vc_column-inner vc_custom_1454620446192\"><div class=\"wpb_wrapper\"><div class=\"mask \"><div class=\"first_line\">\r\n        <\/div><div class=\"first_title\" >\r\n          <p>\r\n          Li\u00ean h\u1ec7\r\n          <\/p>\r\n        <\/div><div class=\"first_description\" >\r\n          <p>\r\n          Hue Creative &amp; Art Week (HCAW) l\u00e0 m\u1ed9t n\u1ec1n t\u1ea3ng v\u0103n h\u00f3a ho\u1ea1t \u0111\u1ed9ng quanh n\u0103m t\u1ea1i Hu\u1ebf, k\u1ebft n\u1ed1i th\u1ef1c h\u00e0nh ngh\u1ec7 thu\u1eadt \u0111\u01b0\u01a1ng \u0111\u1ea1i v\u1edbi b\u1ed1i c\u1ea3nh di s\u1ea3n v\u00e0 \u0111\u1eddi s\u1ed1ng v\u0103n h\u00f3a c\u1ee7a th\u00e0nh ph\u1ed1.<\/p>\n<p>Ch\u00fang t\u00f4i ch\u00e0o \u0111\u00f3n c\u00e1c ngh\u1ec7 s\u0129, gi\u00e1m tuy\u1ec3n, nh\u00e0 nghi\u00ean c\u1ee9u, nh\u00e0 s\u01b0u t\u1eadp, t\u1ed5 ch\u1ee9c v\u0103n h\u00f3a v\u00e0 nh\u1eefng ng\u01b0\u1eddi quan t\u00e2m \u0111\u1ebfn ngh\u1ec7 thu\u1eadt li\u00ean h\u1ec7 \u0111\u1ec3 trao \u0111\u1ed5i v\u1ec1 c\u00e1c ch\u01b0\u01a1ng tr\u00ecnh h\u1ee3p t\u00e1c, tham gia ho\u1eb7c t\u00ecm hi\u1ec3u th\u00eam v\u1ec1 ho\u1ea1t \u0111\u1ed9ng c\u1ee7a HCAW.<\/p>\n<p>D\u00f9 b\u1ea1n quan t\u00e2m \u0111\u1ebfn tri\u1ec3n l\u00e3m, ch\u01b0\u01a1ng tr\u00ecnh l\u01b0u tr\u00fa s\u00e1ng t\u00e1c, c\u00e1c tour ngh\u1ec7 thu\u1eadt \u0111\u01b0\u1ee3c gi\u00e1m tuy\u1ec3n hay c\u00e1c ch\u01b0\u01a1ng tr\u00ecnh \u0111\u1ed1i tho\u1ea1i chuy\u00ean m\u00f4n, \u0111\u1ed9i ng\u0169 c\u1ee7a ch\u00fang t\u00f4i lu\u00f4n s\u1eb5n s\u00e0ng h\u1ed7 tr\u1ee3.\r\n          <\/p>\r\n        <\/div><div class=\"mini_gap\"><\/div><div class=\"\" id=\"map_1\" style=\"height:500px;\">\r\n    <\/div><div class=\"et-contact-description-container\"><div class=\"et-contact-description-column-2\"><p><em>\u0110\u1ecba ch\u1ec9:<\/em><\/p>\n<p>Hue Creative &amp; Art Week<\/p>\n<p>V\u0103n ph\u00f2ng HCAW n\u1eb1m tr\u00ean tr\u1ee5c v\u0103n h\u00f3a trung t\u00e2m c\u1ee7a Hu\u1ebf, g\u1ea7n nhi\u1ec1u b\u1ea3o t\u00e0ng, kh\u00f4ng gian ngh\u1ec7 thu\u1eadt v\u00e0 di s\u1ea3n quan tr\u1ecdng c\u1ee7a th\u00e0nh ph\u1ed1.<\/p>\n<p><b>\u0110\u1ecba ch\u1ec9:<\/b> 25 L\u00ea L\u1ee3i - Th\u00e0nh ph\u1ed1 Hu\u1ebf<\/p>\n<p><em>Ch\u01b0\u01a1ng tr\u00ecnh ngh\u1ec7 s\u0129 &amp; gi\u00e1m tuy\u1ec3n<\/em><br \/>\n<small>Li\u00ean h\u1ec7 v\u1ec1:<br \/>\n<small><\/small><\/small><\/p>\n<p>\u2022 Open Call tri\u1ec3n l\u00e3m<br \/>\n\u2022 Ch\u01b0\u01a1ng tr\u00ecnh Artist Residency<br \/>\n\u2022 H\u1ee3p t\u00e1c gi\u00e1m tuy\u1ec3n<br \/>\nEmail: programs@hcaw.vn<\/p>\n<\/div><div class=\"et-contact-description-column-2\"><p><em>Th\u00f4ng tin chung<\/em><br \/>\n\u0110\u1ed1i v\u1edbi c\u00e1c c\u00e2u h\u1ecfi chung v\u1ec1 ch\u01b0\u01a1ng tr\u00ecnh, tham quan ho\u1eb7c tham gia:<br \/>\nEmail: info@hcaw.vn<\/p>\n<p><em>H\u1ee3p t\u00e1c &amp; \u0111\u1ed1i t\u00e1c<\/em><br \/>\n\u0110\u1ed1i v\u1edbi c\u00e1c \u0111\u1ec1 xu\u1ea5t h\u1ee3p t\u00e1c, t\u00e0i tr\u1ee3 ho\u1eb7c h\u1ee3p t\u00e1c t\u1ed5 ch\u1ee9c:<br \/>\nEmail: partnerships@hcaw.vn<\/p>\n<p><b>B\u00e1o ch\u00ed &amp; truy\u1ec1n th\u00f4ng<\/b><br \/>\n<small>\u0110\u1ed1i v\u1edbi c\u00e1c y\u00eau c\u1ea7u v\u1ec1 truy\u1ec1n th\u00f4ng, ph\u1ecfng v\u1ea5n ho\u1eb7c t\u00e0i li\u1ec7u b\u00e1o ch\u00ed:<br \/>\nEmail: press@hcaw.vn<\/small><\/p>\n<p><b>Th\u0103m v\u00e0 l\u00e0m vi\u1ec7c<\/b><br \/>\n<small>Ph\u1ea7n l\u1edbn c\u00e1c ch\u01b0\u01a1ng tr\u00ecnh c\u1ee7a HCAW di\u1ec5n ra theo l\u1ecbch c\u1ee5 th\u1ec3.<br \/>\nVui l\u00f2ng li\u00ean h\u1ec7 tr\u01b0\u1edbc n\u1ebfu b\u1ea1n mu\u1ed1n s\u1eafp x\u1ebfp bu\u1ed5i g\u1eb7p, tham quan studio ho\u1eb7c tham gia ch\u01b0\u01a1ng tr\u00ecnh.<\/small><\/p>\n<\/div><\/div><div class=\"clear\"><\/div><form id=\"eventime_contact_form1\" class=\"eventime_contact_form\" action=\"\" method=\"post\"><input type=\"hidden\" name=\"action\" value=\"eventime_contact\"><input type=\"text\" placeholder=\"First Name\" name=\"first_name\"><input type=\"text\" placeholder=\"Last Name\" class=\"rightinput\" name=\"last_name\"><input type=\"email\" placeholder=\"&#8203;Email\" name=\"email\"><input type=\"tel\" placeholder=\"Phone\" class=\"rightinput\" name=\"telephone\"><textarea name=\"message\" form=\"eventime_contact_form1\"  placeholder=\"Message\"><\/textarea><input type=\"submit\" value=\"Send request\" class=\"contact_button contact_button_enabled\"><div class=\"clear\"><\/div><div class=\"contactMsgc\"><\/div><\/form><script>(function($){$(document).ready(function(){var $btn = $('.contact_button');var $form = $btn.parent('.eventime_contact_form');$form.attr('action', window.location.href );\t\t$(\".contact_button\").click(function(et) {\r\n\t\tet.preventDefault();\r\n        $this = $(this);\r\n        if(!$this.hasClass('contact_button_enabled')){\r\n            return;\r\n        }\r\n        $this.removeClass('contact_button_enabled');\r\n        $contactForm = $this.parent('.eventime_contact_form');\r\n        var dataString = $contactForm.serialize();\r\n\t\t$.ajax({\r\n            method: 'post',\r\n\t\t\turl: \"https:\/\/arthub.vn\/wp-admin\/admin-ajax.php\", \r\n\t\t\tdata: dataString,\r\n            dataType: \"json\",\r\n\t\t\tsuccess: function(response){\r\n                $this.addClass('contact_button_enabled');\r\n                if(response.valid){\r\n                       $contactForm.find('.contactMsgc').hide(400).html(response.msg).show(400).delay(3000).hide(400);\r\n                } else {\r\n                    \r\n                        $.each(response.error_classes, function(index, value){\r\n                            $contactForm.find('[name=\"' + index + '\"]').addClass(value);\r\n                        });\r\n                    \r\n                   $contactForm.find('.contactMsgc').hide(400).html(response.msg).show(400);\r\n                }\r\n\t\t\t}\r\n\t\t});\r\n        $contactForm.find('>').on('click', function(){$(this).removeClass('et-input-error');});\r\n    });});})(jQuery);<\/script><\/div><script>\r\njQuery(document).ready(function () {\r\n\tvar styles = [\r\n\t{\r\n\t\tstylers: [\r\n          {saturation: '-100'},\r\n          {hue: '#f7f7f7'},\r\n          {lightness: '0'},\r\n          {gamma: '0.5'},\r\n          {weight: '0.5'}\r\n        ]\r\n\r\n\t}\r\n];\r\n\r\n\r\nvar options = {\r\n\tmapTypeControlOptions: {\r\n\t\tmapTypeIds: ['Styled']\r\n\t},\r\n\tcenter: new google.maps.LatLng(40.713533, -74.006277),\r\n\tzoom: 18,\r\n    disableDefaultUI: true,\r\n    zoomControl: true,\r\n    streetViewControl: true,\r\n    scrollwheel: false,\r\n    draggable: !(\"ontouchend\" in document),\r\n\tmapTypeId: 'Styled'\r\n};\r\nvar div = document.getElementById('map_1');\r\nvar map = new google.maps.Map(div, options);\r\nvar styledMapType = new google.maps.StyledMapType(styles, { name: 'Map' });\r\nmap.mapTypes.set('Styled', styledMapType);\r\n    var myLatLng = {lat: 40.714167, lng: -74.005505};\r\n    var marker = new google.maps.Marker({\r\n        position: myLatLng,\r\n        icon: \"https:\/\/arthub.vn\/wp-content\/uploads\/2016\/02\/pin_accommodation-1.png\",\r\n        map: map\r\n    });\r\n    \r\n    var myLatLng = {lat: 40.714671, lng: -74.007071};\r\n    var marker = new google.maps.Marker({\r\n        position: myLatLng,\r\n        icon: \"https:\/\/arthub.vn\/wp-content\/uploads\/2016\/02\/pin_food-01-1.png\",\r\n        map: map\r\n    });\r\n    \r\n    var myLatLng = {lat: 40.713891, lng: -74.006857};\r\n    var marker = new google.maps.Marker({\r\n        position: myLatLng,\r\n        icon: \"https:\/\/arthub.vn\/wp-content\/uploads\/2016\/02\/pin_star-1.png\",\r\n        map: map\r\n    });\r\n    \r\n    var myLatLng = {lat: 40.713631, lng: -74.006878};\r\n    var marker = new google.maps.Marker({\r\n        position: myLatLng,\r\n        icon: \"https:\/\/arthub.vn\/wp-content\/uploads\/2016\/02\/pin_speaker-1.png\",\r\n        map: map\r\n    });\r\n    \r\n    var myLatLng = {lat: 40.713419, lng: -74.008702};\r\n    var marker = new google.maps.Marker({\r\n        position: myLatLng,\r\n        icon: \"https:\/\/arthub.vn\/wp-content\/uploads\/2016\/02\/pin_accommodation-1.png\",\r\n        map: map\r\n    });\r\n    \r\n    var myLatLng = {lat: 40.713191, lng: -74.006234};\r\n    var marker = new google.maps.Marker({\r\n        position: myLatLng,\r\n        icon: \"https:\/\/arthub.vn\/wp-content\/uploads\/2016\/02\/pin_food-01-1.png\",\r\n        map: map\r\n    });\r\n    \r\n    var myLatLng = {lat: 40.712638, lng: -74.006020};\r\n    var marker = new google.maps.Marker({\r\n        position: myLatLng,\r\n        icon: \"https:\/\/arthub.vn\/wp-content\/uploads\/2016\/02\/pin_speaker-1.png\",\r\n        map: map\r\n    });\r\n    });\r\n<\/script><\/div><\/div><\/div><\/div>\n<\/div>","protected":false},"excerpt":{"rendered":"Li\u00ean h\u1ec7 Hue Creative &amp; Art Week (HCAW) l\u00e0 m\u1ed9t n\u1ec1n t\u1ea3ng v\u0103n h\u00f3a ho\u1ea1t \u0111\u1ed9ng quanh n\u0103m t\u1ea1i Hu\u1ebf, k\u1ebft n\u1ed1i th\u1ef1c h\u00e0nh ngh\u1ec7 thu\u1eadt \u0111\u01b0\u01a1ng \u0111\u1ea1i v\u1edbi b\u1ed1i c\u1ea3nh di s\u1ea3n v\u00e0 \u0111\u1eddi s\u1ed1ng v\u0103n h\u00f3a c\u1ee7a th\u00e0nh ph\u1ed1. Ch\u00fang t\u00f4i ch\u00e0o \u0111\u00f3n c\u00e1c ngh\u1ec7 s\u0129, gi\u00e1m tuy\u1ec3n, nh\u00e0 nghi\u00ean c\u1ee9u, nh\u00e0 s\u01b0u [...]","protected":false},"author":2,"featured_media":0,"parent":0,"menu_order":0,"comment_status":"closed","ping_status":"closed","template":"fullwidth.php","meta":{"footnotes":""},"class_list":["post-781","page","type-page","status-publish","hentry",""],"_links":{"self":[{"href":"https:\/\/arthub.vn\/index.php\/wp-json\/wp\/v2\/pages\/781","targetHints":{"allow":["GET"]}}],"collection":[{"href":"https:\/\/arthub.vn\/index.php\/wp-json\/wp\/v2\/pages"}],"about":[{"href":"https:\/\/arthub.vn\/index.php\/wp-json\/wp\/v2\/types\/page"}],"author":[{"embeddable":true,"href":"https:\/\/arthub.vn\/index.php\/wp-json\/wp\/v2\/users\/2"}],"replies":[{"embeddable":true,"href":"https:\/\/arthub.vn\/index.php\/wp-json\/wp\/v2\/comments?post=781"}],"version-history":[{"count":4,"href":"https:\/\/arthub.vn\/index.php\/wp-json\/wp\/v2\/pages\/781\/revisions"}],"predecessor-version":[{"id":1675,"href":"https:\/\/arthub.vn\/index.php\/wp-json\/wp\/v2\/pages\/781\/revisions\/1675"}],"wp:attachment":[{"href":"https:\/\/arthub.vn\/index.php\/wp-json\/wp\/v2\/media?parent=781"}],"curies":[{"name":"wp","href":"https:\/\/api.w.org\/{rel}","templated":true}]}}