{"id":1281,"date":"2025-07-31T10:56:53","date_gmt":"2025-07-31T10:56:53","guid":{"rendered":"https:\/\/main.eventimetheme.com\/?post_type=product&#038;p=1281"},"modified":"2026-03-07T10:58:04","modified_gmt":"2026-03-07T10:58:04","slug":"all-days-pass-vip","status":"publish","type":"product","link":"https:\/\/arthub.vn\/index.php\/san-pham\/all-days-pass-vip\/","title":{"rendered":"3-5 Ng\u00e0y"},"content":{"rendered":"<p data-start=\"0\" data-end=\"57\"><strong data-start=\"0\" data-end=\"57\">Ch\u01b0\u01a1ng tr\u00ecnh D\u00e0nh ri\u00eang cho Nh\u00e0 s\u01b0u t\u1eadp<\/strong><\/p>\n<p data-start=\"59\" data-end=\"181\">Quy\u1ec1n ti\u1ebfp c\u1eadn ri\u00eang t\u01b0 theo h\u00ecnh th\u1ee9c th\u01b0 m\u1eddi: xem tr\u01b0\u1edbc tri\u1ec3n l\u00e3m, th\u0103m studio v\u00e0 c\u00e1c cu\u1ed9c g\u1eb7p g\u1ee1 do gi\u00e1m tuy\u1ec3n d\u1eabn d\u1eaft.<\/p>\n","protected":false},"excerpt":{"rendered":"<p data-start=\"0\" data-end=\"57\"><strong data-start=\"0\" data-end=\"57\">Ch\u01b0\u01a1ng tr\u00ecnh D\u00e0nh ri\u00eang cho Nh\u00e0 s\u01b0u t\u1eadp<\/strong><\/p>\n<p data-start=\"59\" data-end=\"181\">Quy\u1ec1n ti\u1ebfp c\u1eadn ri\u00eang t\u01b0 theo h\u00ecnh th\u1ee9c th\u01b0 m\u1eddi: xem tr\u01b0\u1edbc tri\u1ec3n l\u00e3m, th\u0103m studio v\u00e0 c\u00e1c cu\u1ed9c g\u1eb7p g\u1ee1 do gi\u00e1m tuy\u1ec3n d\u1eabn d\u1eaft.<\/p>\n","protected":false},"featured_media":1621,"comment_status":"open","ping_status":"closed","template":"","meta":[],"product_brand":[],"product_cat":[25],"product_tag":[],"class_list":{"0":"post-1281","1":"product","2":"type-product","3":"status-publish","4":"has-post-thumbnail","6":"product_cat-tours","7":"","9":"first","10":"instock","11":"shipping-taxable","12":"purchasable","13":"product-type-chaykovskiy_eventime_ticket"},"_links":{"self":[{"href":"https:\/\/arthub.vn\/index.php\/wp-json\/wp\/v2\/product\/1281","targetHints":{"allow":["GET"]}}],"collection":[{"href":"https:\/\/arthub.vn\/index.php\/wp-json\/wp\/v2\/product"}],"about":[{"href":"https:\/\/arthub.vn\/index.php\/wp-json\/wp\/v2\/types\/product"}],"replies":[{"embeddable":true,"href":"https:\/\/arthub.vn\/index.php\/wp-json\/wp\/v2\/comments?post=1281"}],"wp:featuredmedia":[{"embeddable":true,"href":"https:\/\/arthub.vn\/index.php\/wp-json\/wp\/v2\/media\/1621"}],"wp:attachment":[{"href":"https:\/\/arthub.vn\/index.php\/wp-json\/wp\/v2\/media?parent=1281"}],"wp:term":[{"taxonomy":"product_brand","embeddable":true,"href":"https:\/\/arthub.vn\/index.php\/wp-json\/wp\/v2\/product_brand?post=1281"},{"taxonomy":"product_cat","embeddable":true,"href":"https:\/\/arthub.vn\/index.php\/wp-json\/wp\/v2\/product_cat?post=1281"},{"taxonomy":"product_tag","embeddable":true,"href":"https:\/\/arthub.vn\/index.php\/wp-json\/wp\/v2\/product_tag?post=1281"}],"curies":[{"name":"wp","href":"https:\/\/api.w.org\/{rel}","templated":true}]}}