{"id":1624,"date":"2026-03-07T11:00:10","date_gmt":"2026-03-07T11:00:10","guid":{"rendered":"https:\/\/arthub.vn\/?post_type=product&#038;p=1624"},"modified":"2026-04-28T01:22:16","modified_gmt":"2026-04-28T01:22:16","slug":"7-ngay","status":"publish","type":"product","link":"https:\/\/arthub.vn\/index.php\/san-pham\/7-ngay\/","title":{"rendered":"7 Ng\u00e0y"},"content":{"rendered":"<p data-start=\"0\" data-end=\"47\"><strong data-start=\"0\" data-end=\"47\">Tu\u1ea7n Tr\u1ea3i nghi\u1ec7m V\u0103n h\u00f3a To\u00e0n di\u1ec7n<\/strong><\/p>\n<p data-start=\"49\" data-end=\"145\">Tr\u1ea3i nghi\u1ec7m \u0111\u1eb7c tr\u01b0ng c\u1ee7a HCAW to\u00e0n di\u1ec7n, nhi\u1ec1u l\u1edbp v\u00e0 \u0111\u01b0\u1ee3c thi\u1ebft k\u1ebf v\u1edbi m\u1ed9t nh\u1ecbp \u0111\u1ed9 c\u00f3 ch\u1ee7 \u00fd.<\/p>\n","protected":false},"excerpt":{"rendered":"<p data-start=\"0\" data-end=\"47\"><strong data-start=\"0\" data-end=\"47\">Tu\u1ea7n Tr\u1ea3i nghi\u1ec7m V\u0103n h\u00f3a To\u00e0n di\u1ec7n<\/strong><\/p>\n<p data-start=\"49\" data-end=\"145\">Tr\u1ea3i nghi\u1ec7m \u0111\u1eb7c tr\u01b0ng c\u1ee7a HCAW to\u00e0n di\u1ec7n, nhi\u1ec1u l\u1edbp v\u00e0 \u0111\u01b0\u1ee3c thi\u1ebft k\u1ebf v\u1edbi m\u1ed9t nh\u1ecbp \u0111\u1ed9 c\u00f3 ch\u1ee7 \u00fd.<\/p>\n","protected":false},"featured_media":1625,"comment_status":"open","ping_status":"closed","template":"","meta":[],"product_brand":[],"product_cat":[25],"product_tag":[],"class_list":{"0":"post-1624","1":"product","2":"type-product","3":"status-publish","4":"has-post-thumbnail","6":"product_cat-tours","7":"","9":"first","10":"instock","11":"shipping-taxable","12":"purchasable","13":"product-type-chaykovskiy_eventime_ticket"},"_links":{"self":[{"href":"https:\/\/arthub.vn\/index.php\/wp-json\/wp\/v2\/product\/1624","targetHints":{"allow":["GET"]}}],"collection":[{"href":"https:\/\/arthub.vn\/index.php\/wp-json\/wp\/v2\/product"}],"about":[{"href":"https:\/\/arthub.vn\/index.php\/wp-json\/wp\/v2\/types\/product"}],"replies":[{"embeddable":true,"href":"https:\/\/arthub.vn\/index.php\/wp-json\/wp\/v2\/comments?post=1624"}],"wp:featuredmedia":[{"embeddable":true,"href":"https:\/\/arthub.vn\/index.php\/wp-json\/wp\/v2\/media\/1625"}],"wp:attachment":[{"href":"https:\/\/arthub.vn\/index.php\/wp-json\/wp\/v2\/media?parent=1624"}],"wp:term":[{"taxonomy":"product_brand","embeddable":true,"href":"https:\/\/arthub.vn\/index.php\/wp-json\/wp\/v2\/product_brand?post=1624"},{"taxonomy":"product_cat","embeddable":true,"href":"https:\/\/arthub.vn\/index.php\/wp-json\/wp\/v2\/product_cat?post=1624"},{"taxonomy":"product_tag","embeddable":true,"href":"https:\/\/arthub.vn\/index.php\/wp-json\/wp\/v2\/product_tag?post=1624"}],"curies":[{"name":"wp","href":"https:\/\/api.w.org\/{rel}","templated":true}]}}