{"id":361,"date":"2016-04-21T12:21:35","date_gmt":"2016-04-21T12:21:35","guid":{"rendered":"https:\/\/arthub.vn\/onepage\/?post_type=product&#038;p=361"},"modified":"2026-03-07T09:37:22","modified_gmt":"2026-03-07T09:37:22","slug":"one-day-pass","status":"publish","type":"product","link":"https:\/\/arthub.vn\/index.php\/san-pham\/one-day-pass\/","title":{"rendered":"Tour 2 Ng\u00e0y"},"content":{"rendered":"<p>H\u00e0nh tr\u00ecnh Ngh\u1ec1 Th\u1ee7 c\u00f4ng &amp; K\u00fd \u1ee9c Hu\u1ebf<\/p>\n<p data-start=\"47\" data-end=\"171\">K\u00fd \u1ee9c ho\u00e0ng cung v\u00e0 nh\u1eefng truy\u1ec1n th\u1ed1ng th\u1ee7 c\u00f4ng \u0111ang s\u1ed1ng \u0111\u01b0\u1ee3c di\u1ec5n gi\u1ea3i c\u00f3 chi\u1ec1u s\u00e2u, kh\u00f4ng ph\u1ea3i theo l\u1ed1i du l\u1ecbch \u1ed3n \u00e0o.<\/p>\n","protected":false},"excerpt":{"rendered":"<p>H\u00e0nh tr\u00ecnh Ngh\u1ec1 Th\u1ee7 c\u00f4ng &amp; K\u00fd \u1ee9c Hu\u1ebf<\/p>\n<p data-start=\"47\" data-end=\"171\">K\u00fd \u1ee9c ho\u00e0ng cung v\u00e0 nh\u1eefng truy\u1ec1n th\u1ed1ng th\u1ee7 c\u00f4ng \u0111ang s\u1ed1ng \u0111\u01b0\u1ee3c di\u1ec5n gi\u1ea3i c\u00f3 chi\u1ec1u s\u00e2u, kh\u00f4ng ph\u1ea3i theo l\u1ed1i du l\u1ecbch \u1ed3n \u00e0o.<\/p>\n","protected":false},"featured_media":1511,"comment_status":"open","ping_status":"closed","template":"","meta":[],"product_brand":[],"product_cat":[25],"product_tag":[],"class_list":{"0":"post-361","1":"product","2":"type-product","3":"status-publish","4":"has-post-thumbnail","6":"product_cat-tours","7":"","9":"first","10":"instock","11":"shipping-taxable","12":"purchasable","13":"product-type-chaykovskiy_eventime_ticket"},"_links":{"self":[{"href":"https:\/\/arthub.vn\/index.php\/wp-json\/wp\/v2\/product\/361","targetHints":{"allow":["GET"]}}],"collection":[{"href":"https:\/\/arthub.vn\/index.php\/wp-json\/wp\/v2\/product"}],"about":[{"href":"https:\/\/arthub.vn\/index.php\/wp-json\/wp\/v2\/types\/product"}],"replies":[{"embeddable":true,"href":"https:\/\/arthub.vn\/index.php\/wp-json\/wp\/v2\/comments?post=361"}],"wp:featuredmedia":[{"embeddable":true,"href":"https:\/\/arthub.vn\/index.php\/wp-json\/wp\/v2\/media\/1511"}],"wp:attachment":[{"href":"https:\/\/arthub.vn\/index.php\/wp-json\/wp\/v2\/media?parent=361"}],"wp:term":[{"taxonomy":"product_brand","embeddable":true,"href":"https:\/\/arthub.vn\/index.php\/wp-json\/wp\/v2\/product_brand?post=361"},{"taxonomy":"product_cat","embeddable":true,"href":"https:\/\/arthub.vn\/index.php\/wp-json\/wp\/v2\/product_cat?post=361"},{"taxonomy":"product_tag","embeddable":true,"href":"https:\/\/arthub.vn\/index.php\/wp-json\/wp\/v2\/product_tag?post=361"}],"curies":[{"name":"wp","href":"https:\/\/api.w.org\/{rel}","templated":true}]}}