{"id":363,"date":"2016-04-21T14:05:47","date_gmt":"2016-04-21T14:05:47","guid":{"rendered":"https:\/\/arthub.vn\/onepage\/?post_type=product&#038;p=363"},"modified":"2026-03-07T09:54:31","modified_gmt":"2026-03-07T09:54:31","slug":"two-days-pass","status":"publish","type":"product","link":"https:\/\/arthub.vn\/index.php\/san-pham\/two-days-pass\/","title":{"rendered":"Tour 3 Ng\u00e0y"},"content":{"rendered":"<p>H\u00e0nh tr\u00ecnh Kh\u00e1m ph\u00e1 Ngh\u1ec7 thu\u1eadt \u0110\u01b0\u01a1ng \u0111\u1ea1i<\/p>\n<p>M\u1ed9t h\u00e0nh tr\u00ecnh c\u00e2n b\u1eb1ng gi\u1eefa ngh\u1ec7 thu\u1eadt, trao \u0111\u1ed5i trong kh\u00f4ng gian studio v\u00e0 c\u1ea3nh quan \u0111\u01b0\u1ee3c thi\u1ebft k\u1ebf d\u00e0nh cho nh\u1eefng ng\u01b0\u1eddi y\u00eau ngh\u1ec7 thu\u1eadt v\u00e0 du kh\u00e1ch quan t\u00e2m \u0111\u1ebfn v\u0103n h\u00f3a.<\/p>\n","protected":false},"excerpt":{"rendered":"<p>H\u00e0nh tr\u00ecnh Kh\u00e1m ph\u00e1 Ngh\u1ec7 thu\u1eadt \u0110\u01b0\u01a1ng \u0111\u1ea1i<\/p>\n<p>M\u1ed9t h\u00e0nh tr\u00ecnh c\u00e2n b\u1eb1ng gi\u1eefa ngh\u1ec7 thu\u1eadt, trao \u0111\u1ed5i trong kh\u00f4ng gian studio v\u00e0 c\u1ea3nh quan \u0111\u01b0\u1ee3c thi\u1ebft k\u1ebf d\u00e0nh cho nh\u1eefng ng\u01b0\u1eddi y\u00eau ngh\u1ec7 thu\u1eadt v\u00e0 du kh\u00e1ch quan t\u00e2m \u0111\u1ebfn v\u0103n h\u00f3a.<\/p>\n","protected":false},"featured_media":1617,"comment_status":"open","ping_status":"closed","template":"","meta":[],"product_brand":[],"product_cat":[25],"product_tag":[],"class_list":{"0":"post-363","1":"product","2":"type-product","3":"status-publish","4":"has-post-thumbnail","6":"product_cat-tours","7":"","9":"first","10":"instock","11":"shipping-taxable","12":"purchasable","13":"product-type-chaykovskiy_eventime_ticket"},"_links":{"self":[{"href":"https:\/\/arthub.vn\/index.php\/wp-json\/wp\/v2\/product\/363","targetHints":{"allow":["GET"]}}],"collection":[{"href":"https:\/\/arthub.vn\/index.php\/wp-json\/wp\/v2\/product"}],"about":[{"href":"https:\/\/arthub.vn\/index.php\/wp-json\/wp\/v2\/types\/product"}],"replies":[{"embeddable":true,"href":"https:\/\/arthub.vn\/index.php\/wp-json\/wp\/v2\/comments?post=363"}],"wp:featuredmedia":[{"embeddable":true,"href":"https:\/\/arthub.vn\/index.php\/wp-json\/wp\/v2\/media\/1617"}],"wp:attachment":[{"href":"https:\/\/arthub.vn\/index.php\/wp-json\/wp\/v2\/media?parent=363"}],"wp:term":[{"taxonomy":"product_brand","embeddable":true,"href":"https:\/\/arthub.vn\/index.php\/wp-json\/wp\/v2\/product_brand?post=363"},{"taxonomy":"product_cat","embeddable":true,"href":"https:\/\/arthub.vn\/index.php\/wp-json\/wp\/v2\/product_cat?post=363"},{"taxonomy":"product_tag","embeddable":true,"href":"https:\/\/arthub.vn\/index.php\/wp-json\/wp\/v2\/product_tag?post=363"}],"curies":[{"name":"wp","href":"https:\/\/api.w.org\/{rel}","templated":true}]}}