{"id":364,"date":"2016-04-21T14:07:46","date_gmt":"2016-04-21T14:07:46","guid":{"rendered":"https:\/\/arthub.vn\/onepage\/?post_type=product&#038;p=364"},"modified":"2026-04-28T01:22:16","modified_gmt":"2026-04-28T01:22:16","slug":"all-days-pass","status":"publish","type":"product","link":"https:\/\/arthub.vn\/index.php\/san-pham\/all-days-pass\/","title":{"rendered":"Tour 1 Ng\u00e0y"},"content":{"rendered":"<p>H\u00e0nh tr\u00ecnh ngh\u1ec7 thu\u1eadt m\u1ed9t ng\u00e0y<\/p>\n<p>M\u1ed9t tr\u1ea3i nghi\u1ec7m t\u1eadp trung d\u00e0nh cho nh\u1eefng chuy\u1ebfn l\u01b0u tr\u00fa ng\u1eafn: di s\u1ea3n, ngh\u1ec7 thu\u1eadt \u0111\u01b0\u01a1ng \u0111\u1ea1i v\u00e0 nh\u1eefng cu\u1ed9c \u0111\u1ed1i tho\u1ea1i \u0111\u01b0\u1ee3c gi\u00e1m tuy\u1ec3n.<\/p>\n","protected":false},"excerpt":{"rendered":"<p>H\u00e0nh tr\u00ecnh ngh\u1ec7 thu\u1eadt m\u1ed9t ng\u00e0y<\/p>\n<p>M\u1ed9t tr\u1ea3i nghi\u1ec7m t\u1eadp trung d\u00e0nh cho nh\u1eefng chuy\u1ebfn l\u01b0u tr\u00fa ng\u1eafn: di s\u1ea3n, ngh\u1ec7 thu\u1eadt \u0111\u01b0\u01a1ng \u0111\u1ea1i v\u00e0 nh\u1eefng cu\u1ed9c \u0111\u1ed1i tho\u1ea1i \u0111\u01b0\u1ee3c gi\u00e1m tuy\u1ec3n.<\/p>\n","protected":false},"featured_media":1586,"comment_status":"open","ping_status":"closed","template":"","meta":[],"product_brand":[],"product_cat":[25],"product_tag":[],"class_list":{"0":"post-364","1":"product","2":"type-product","3":"status-publish","4":"has-post-thumbnail","6":"product_cat-tours","7":"","9":"first","10":"instock","11":"shipping-taxable","12":"purchasable","13":"product-type-chaykovskiy_eventime_ticket"},"_links":{"self":[{"href":"https:\/\/arthub.vn\/index.php\/wp-json\/wp\/v2\/product\/364","targetHints":{"allow":["GET"]}}],"collection":[{"href":"https:\/\/arthub.vn\/index.php\/wp-json\/wp\/v2\/product"}],"about":[{"href":"https:\/\/arthub.vn\/index.php\/wp-json\/wp\/v2\/types\/product"}],"replies":[{"embeddable":true,"href":"https:\/\/arthub.vn\/index.php\/wp-json\/wp\/v2\/comments?post=364"}],"wp:featuredmedia":[{"embeddable":true,"href":"https:\/\/arthub.vn\/index.php\/wp-json\/wp\/v2\/media\/1586"}],"wp:attachment":[{"href":"https:\/\/arthub.vn\/index.php\/wp-json\/wp\/v2\/media?parent=364"}],"wp:term":[{"taxonomy":"product_brand","embeddable":true,"href":"https:\/\/arthub.vn\/index.php\/wp-json\/wp\/v2\/product_brand?post=364"},{"taxonomy":"product_cat","embeddable":true,"href":"https:\/\/arthub.vn\/index.php\/wp-json\/wp\/v2\/product_cat?post=364"},{"taxonomy":"product_tag","embeddable":true,"href":"https:\/\/arthub.vn\/index.php\/wp-json\/wp\/v2\/product_tag?post=364"}],"curies":[{"name":"wp","href":"https:\/\/api.w.org\/{rel}","templated":true}]}}