{"id":368,"date":"2016-04-21T14:26:09","date_gmt":"2016-04-21T14:26:09","guid":{"rendered":"https:\/\/arthub.vn\/onepage\/?post_type=product&#038;p=368"},"modified":"2026-03-07T10:46:51","modified_gmt":"2026-03-07T10:46:51","slug":"vip","status":"publish","type":"product","link":"https:\/\/arthub.vn\/index.php\/san-pham\/vip\/","title":{"rendered":"4-5 ng\u00e0y"},"content":{"rendered":"<p data-start=\"0\" data-end=\"31\"><strong data-start=\"0\" data-end=\"31\">Creative Retreat<\/strong><\/p>\n<p data-start=\"33\" data-end=\"155\">M\u1ed9t h\u00e0nh tr\u00ecnh k\u1ebft h\u1ee3p gi\u1eefa kh\u00e1m ph\u00e1 v\u0103n h\u00f3a v\u00e0 retreat chi\u00eam nghi\u1ec7m \u2014 \u0111\u1ed1i tho\u1ea1i, nh\u1ecbp s\u1ed1ng ch\u1eadm v\u00e0 s\u1ef1 hi\u1ec7n di\u1ec7n s\u00e1ng t\u1ea1o.<\/p>\n","protected":false},"excerpt":{"rendered":"<p data-start=\"0\" data-end=\"31\"><strong data-start=\"0\" data-end=\"31\">Creative Retreat<\/strong><\/p>\n<p data-start=\"33\" data-end=\"155\">M\u1ed9t h\u00e0nh tr\u00ecnh k\u1ebft h\u1ee3p gi\u1eefa kh\u00e1m ph\u00e1 v\u0103n h\u00f3a v\u00e0 retreat chi\u00eam nghi\u1ec7m \u2014 \u0111\u1ed1i tho\u1ea1i, nh\u1ecbp s\u1ed1ng ch\u1eadm v\u00e0 s\u1ef1 hi\u1ec7n di\u1ec7n s\u00e1ng t\u1ea1o.<\/p>\n","protected":false},"featured_media":1512,"comment_status":"open","ping_status":"closed","template":"","meta":[],"product_brand":[],"product_cat":[25],"product_tag":[],"class_list":{"0":"post-368","1":"product","2":"type-product","3":"status-publish","4":"has-post-thumbnail","6":"product_cat-tours","7":"","9":"first","10":"instock","11":"shipping-taxable","12":"purchasable","13":"product-type-chaykovskiy_eventime_ticket"},"_links":{"self":[{"href":"https:\/\/arthub.vn\/index.php\/wp-json\/wp\/v2\/product\/368","targetHints":{"allow":["GET"]}}],"collection":[{"href":"https:\/\/arthub.vn\/index.php\/wp-json\/wp\/v2\/product"}],"about":[{"href":"https:\/\/arthub.vn\/index.php\/wp-json\/wp\/v2\/types\/product"}],"replies":[{"embeddable":true,"href":"https:\/\/arthub.vn\/index.php\/wp-json\/wp\/v2\/comments?post=368"}],"wp:featuredmedia":[{"embeddable":true,"href":"https:\/\/arthub.vn\/index.php\/wp-json\/wp\/v2\/media\/1512"}],"wp:attachment":[{"href":"https:\/\/arthub.vn\/index.php\/wp-json\/wp\/v2\/media?parent=368"}],"wp:term":[{"taxonomy":"product_brand","embeddable":true,"href":"https:\/\/arthub.vn\/index.php\/wp-json\/wp\/v2\/product_brand?post=368"},{"taxonomy":"product_cat","embeddable":true,"href":"https:\/\/arthub.vn\/index.php\/wp-json\/wp\/v2\/product_cat?post=368"},{"taxonomy":"product_tag","embeddable":true,"href":"https:\/\/arthub.vn\/index.php\/wp-json\/wp\/v2\/product_tag?post=368"}],"curies":[{"name":"wp","href":"https:\/\/api.w.org\/{rel}","templated":true}]}}